{"id":4039,"date":"2015-01-28T15:13:24","date_gmt":"2015-01-28T15:13:24","guid":{"rendered":"https:\/\/siriuscolor.com\/?page_id=4039"},"modified":"2025-01-07T08:58:37","modified_gmt":"2025-01-07T08:58:37","slug":"home-v7","status":"publish","type":"page","link":"https:\/\/siriuscolor.com\/","title":{"rendered":"Home v7"},"content":{"rendered":"<div class=\"wpb-content-wrapper\"><p>[vc_row section_type=&#8221;in-container&#8221;][vc_column width=&#8221;1\/3&#8243;]<div class=\"grve-element grve-box grve-align-center urunler\" style=\"\"><div class=\"grve-media\"><img loading=\"lazy\" decoding=\"async\" width=\"1472\" height=\"832\" src=\"https:\/\/siriuscolor.com\/wp-content\/uploads\/2025\/01\/WhatsApp-Image-2025-01-01-at-17.58.57.jpeg\" class=\"attachment-full size-full\" alt=\"\" srcset=\"https:\/\/siriuscolor.com\/wp-content\/uploads\/2025\/01\/WhatsApp-Image-2025-01-01-at-17.58.57.jpeg 1472w, https:\/\/siriuscolor.com\/wp-content\/uploads\/2025\/01\/WhatsApp-Image-2025-01-01-at-17.58.57-300x170.jpeg 300w, https:\/\/siriuscolor.com\/wp-content\/uploads\/2025\/01\/WhatsApp-Image-2025-01-01-at-17.58.57-1024x579.jpeg 1024w, https:\/\/siriuscolor.com\/wp-content\/uploads\/2025\/01\/WhatsApp-Image-2025-01-01-at-17.58.57-768x434.jpeg 768w, https:\/\/siriuscolor.com\/wp-content\/uploads\/2025\/01\/WhatsApp-Image-2025-01-01-at-17.58.57-600x339.jpeg 600w\" sizes=\"auto, (max-width: 1472px) 100vw, 1472px\" \/><\/div>  <div class=\"grve-box-content\">    <a href=\"https:\/\/siriuscolor.com\/?page_id=4584\" target=\"_self\"><h5 class=\"grve-box-title\"><span>\u0130n\u015faat & Dekoratif Grubu<\/span><\/h5>    <\/a>    <p>(neptune, jupiter,hydra)<\/p>    <a href=\"https:\/\/siriuscolor.com\/?page_id=4584\" target=\"_self\" class=\"grve-read-more\">\u00dcr\u00fcn Grubunu \u0130ncele<\/a>  <\/div><\/div>[\/vc_column][vc_column width=&#8221;1\/3&#8243;]<div class=\"grve-element grve-box grve-align-center\" style=\"\"><div class=\"grve-media\"><img loading=\"lazy\" decoding=\"async\" width=\"1472\" height=\"832\" src=\"https:\/\/siriuscolor.com\/wp-content\/uploads\/2025\/01\/WhatsApp-Image-2025-01-01-at-17.58.57-1.jpeg\" class=\"attachment-full size-full\" alt=\"\" srcset=\"https:\/\/siriuscolor.com\/wp-content\/uploads\/2025\/01\/WhatsApp-Image-2025-01-01-at-17.58.57-1.jpeg 1472w, https:\/\/siriuscolor.com\/wp-content\/uploads\/2025\/01\/WhatsApp-Image-2025-01-01-at-17.58.57-1-300x170.jpeg 300w, https:\/\/siriuscolor.com\/wp-content\/uploads\/2025\/01\/WhatsApp-Image-2025-01-01-at-17.58.57-1-1024x579.jpeg 1024w, https:\/\/siriuscolor.com\/wp-content\/uploads\/2025\/01\/WhatsApp-Image-2025-01-01-at-17.58.57-1-768x434.jpeg 768w, https:\/\/siriuscolor.com\/wp-content\/uploads\/2025\/01\/WhatsApp-Image-2025-01-01-at-17.58.57-1-600x339.jpeg 600w\" sizes=\"auto, (max-width: 1472px) 100vw, 1472px\" \/><\/div>  <div class=\"grve-box-content\">    <a href=\"https:\/\/siriuscolor.com\/?page_id=4586\" target=\"_self\"><h5 class=\"grve-box-title\"><span>Sanayi Grubu<\/span><\/h5>    <\/a>    <p>( Oregon,pollux,argus)<\/p>    <a href=\"https:\/\/siriuscolor.com\/?page_id=4586\" target=\"_self\" class=\"grve-read-more\">\u00dcr\u00fcn Grubunu \u0130ncele<\/a>  <\/div><\/div>[\/vc_column][vc_column width=&#8221;1\/3&#8243;]<div class=\"grve-element grve-box grve-align-center\" style=\"\"><div class=\"grve-media\"><img loading=\"lazy\" decoding=\"async\" width=\"1472\" height=\"832\" src=\"https:\/\/siriuscolor.com\/wp-content\/uploads\/2025\/01\/WhatsApp-Image-2025-01-01-at-17.58.57-2.jpeg\" class=\"attachment-full size-full\" alt=\"\" srcset=\"https:\/\/siriuscolor.com\/wp-content\/uploads\/2025\/01\/WhatsApp-Image-2025-01-01-at-17.58.57-2.jpeg 1472w, https:\/\/siriuscolor.com\/wp-content\/uploads\/2025\/01\/WhatsApp-Image-2025-01-01-at-17.58.57-2-300x170.jpeg 300w, https:\/\/siriuscolor.com\/wp-content\/uploads\/2025\/01\/WhatsApp-Image-2025-01-01-at-17.58.57-2-1024x579.jpeg 1024w, https:\/\/siriuscolor.com\/wp-content\/uploads\/2025\/01\/WhatsApp-Image-2025-01-01-at-17.58.57-2-768x434.jpeg 768w, https:\/\/siriuscolor.com\/wp-content\/uploads\/2025\/01\/WhatsApp-Image-2025-01-01-at-17.58.57-2-600x339.jpeg 600w\" sizes=\"auto, (max-width: 1472px) 100vw, 1472px\" \/><\/div>  <div class=\"grve-box-content\">    <a href=\"https:\/\/siriuscolor.com\/?page_id=4588\" target=\"_self\"><h5 class=\"grve-box-title\"><span>Universal Sistemler<\/span><\/h5>    <\/a>    <p>(saturn,mercure,vega )<\/p>    <a href=\"https:\/\/siriuscolor.com\/?page_id=4588\" target=\"_self\" class=\"grve-read-more\">\u00dcr\u00fcn Grubunu \u0130ncele<\/a>  <\/div><\/div>[\/vc_column][\/vc_row][vc_row][vc_column width=&#8221;1\/3&#8243;]<div class=\"grve-element grve-box grve-align-center\" style=\"\"><div class=\"grve-media\"><img loading=\"lazy\" decoding=\"async\" width=\"1472\" height=\"832\" src=\"https:\/\/siriuscolor.com\/wp-content\/uploads\/2025\/01\/WhatsApp-Image-2025-01-01-at-17.58.57-3.jpeg\" class=\"attachment-full size-full\" alt=\"\" srcset=\"https:\/\/siriuscolor.com\/wp-content\/uploads\/2025\/01\/WhatsApp-Image-2025-01-01-at-17.58.57-3.jpeg 1472w, https:\/\/siriuscolor.com\/wp-content\/uploads\/2025\/01\/WhatsApp-Image-2025-01-01-at-17.58.57-3-300x170.jpeg 300w, https:\/\/siriuscolor.com\/wp-content\/uploads\/2025\/01\/WhatsApp-Image-2025-01-01-at-17.58.57-3-1024x579.jpeg 1024w, https:\/\/siriuscolor.com\/wp-content\/uploads\/2025\/01\/WhatsApp-Image-2025-01-01-at-17.58.57-3-768x434.jpeg 768w, https:\/\/siriuscolor.com\/wp-content\/uploads\/2025\/01\/WhatsApp-Image-2025-01-01-at-17.58.57-3-600x339.jpeg 600w\" sizes=\"auto, (max-width: 1472px) 100vw, 1472px\" \/><\/div>  <div class=\"grve-box-content\">    <a href=\"https:\/\/siriuscolor.com\/?page_id=4590\" target=\"_self\"><h5 class=\"grve-box-title\"><span>Tinting ( mix makine) sistemleri<\/span><\/h5>    <\/a>    <p>(JUPITER , HYDRA, POLLUX,ARGUS, MERCURE, VEGA)<\/p>    <a href=\"https:\/\/siriuscolor.com\/?page_id=4590\" target=\"_self\" class=\"grve-read-more\">\u00dcr\u00fcn Grubunu \u0130ncele<\/a>  <\/div><\/div>[\/vc_column][vc_column width=&#8221;1\/3&#8243;]<div class=\"grve-element grve-box grve-align-center\" style=\"\"><div class=\"grve-media\"><img loading=\"lazy\" decoding=\"async\" width=\"1472\" height=\"832\" src=\"https:\/\/siriuscolor.com\/wp-content\/uploads\/2025\/01\/WhatsApp-Image-2025-01-01-at-17.58.57-4.jpeg\" class=\"attachment-full size-full\" alt=\"\" srcset=\"https:\/\/siriuscolor.com\/wp-content\/uploads\/2025\/01\/WhatsApp-Image-2025-01-01-at-17.58.57-4.jpeg 1472w, https:\/\/siriuscolor.com\/wp-content\/uploads\/2025\/01\/WhatsApp-Image-2025-01-01-at-17.58.57-4-300x170.jpeg 300w, https:\/\/siriuscolor.com\/wp-content\/uploads\/2025\/01\/WhatsApp-Image-2025-01-01-at-17.58.57-4-1024x579.jpeg 1024w, https:\/\/siriuscolor.com\/wp-content\/uploads\/2025\/01\/WhatsApp-Image-2025-01-01-at-17.58.57-4-768x434.jpeg 768w, https:\/\/siriuscolor.com\/wp-content\/uploads\/2025\/01\/WhatsApp-Image-2025-01-01-at-17.58.57-4-600x339.jpeg 600w\" sizes=\"auto, (max-width: 1472px) 100vw, 1472px\" \/><\/div>  <div class=\"grve-box-content\">    <a href=\"https:\/\/siriuscolor.com\/?page_id=4592\" target=\"_self\"><h5 class=\"grve-box-title\"><span>EPOKS\u0130<\/span><\/h5>    <\/a>    <p>( SATURN, URANUS)<\/p>    <a href=\"https:\/\/siriuscolor.com\/?page_id=4592\" target=\"_self\" class=\"grve-read-more\">\u00dcr\u00fcn Grubunu \u0130ncele<\/a>  <\/div><\/div>[\/vc_column][vc_column width=&#8221;1\/3&#8243;]<div class=\"grve-element grve-box grve-align-center\" style=\"\"><div class=\"grve-media\"><img loading=\"lazy\" decoding=\"async\" width=\"1472\" height=\"832\" src=\"https:\/\/siriuscolor.com\/wp-content\/uploads\/2025\/01\/WhatsApp-Image-2025-01-01-at-17.58.57-5.jpeg\" class=\"attachment-full size-full\" alt=\"\" srcset=\"https:\/\/siriuscolor.com\/wp-content\/uploads\/2025\/01\/WhatsApp-Image-2025-01-01-at-17.58.57-5.jpeg 1472w, https:\/\/siriuscolor.com\/wp-content\/uploads\/2025\/01\/WhatsApp-Image-2025-01-01-at-17.58.57-5-300x170.jpeg 300w, https:\/\/siriuscolor.com\/wp-content\/uploads\/2025\/01\/WhatsApp-Image-2025-01-01-at-17.58.57-5-1024x579.jpeg 1024w, https:\/\/siriuscolor.com\/wp-content\/uploads\/2025\/01\/WhatsApp-Image-2025-01-01-at-17.58.57-5-768x434.jpeg 768w, https:\/\/siriuscolor.com\/wp-content\/uploads\/2025\/01\/WhatsApp-Image-2025-01-01-at-17.58.57-5-600x339.jpeg 600w\" sizes=\"auto, (max-width: 1472px) 100vw, 1472px\" \/><\/div>  <div class=\"grve-box-content\">    <a href=\"https:\/\/siriuscolor.com\/?page_id=4594\" target=\"_self\"><h5 class=\"grve-box-title\"><span>Haz\u0131r RAL renkleri<\/span><\/h5>    <\/a>    <p>(NEPTUNE,SATURN,OREGON,URANUS)<\/p>    <a href=\"https:\/\/siriuscolor.com\/?page_id=4594\" target=\"_self\" class=\"grve-read-more\">\u00dcr\u00fcn Grubunu \u0130ncele<\/a>  <\/div><\/div>[\/vc_column][\/vc_row][vc_row][vc_column][\/vc_column][\/vc_row][vc_row section_type=&#8221;fullwidth-element&#8221; header_feature=&#8221;yes&#8221; padding_top=&#8221;90&#8243; padding_bottom=&#8221;90&#8243; margin_bottom=&#8221;0&#8243; section_id=&#8221;services&#8221;][vc_column width=&#8221;1\/3&#8243; tablet_width=&#8221;1-3&#8243; tablet_sm_width=&#8221;1-2&#8243; css=&#8221;.vc_custom_1422793635191{padding-top: 5% !important;padding-left: 6% !important;}&#8221;]<div class=\"grve-element grve-box-icon grve-align-right grve-animated-item grve-fadeInLeft\" style=\"\" data-delay=\"300\">  <div class=\"grve-icon grve-small grve-simple grve-circle grve-bg-primary-1 fa fa-support\"><\/div>  <div class=\"grve-box-content\"><h5 class=\"grve-box-title\"><span>\u0130n\u015faat ve Dekoratif Grubu (Neptune, Jupiter, Hydra):<\/span><\/h5>    <p class=\"\">\u0130n\u015faat ve dekoratif boyama \u00e7\u00f6z\u00fcmleri i\u00e7in \u00f6zel olarak geli\u015ftirilmi\u015ftir. Y\u00fcksek kaplama g\u00fcc\u00fc ve uzun \u00f6m\u00fcrl\u00fc dayan\u0131kl\u0131l\u0131k sa\u011flar. Kolay uygulanabilirlik ile kullan\u0131c\u0131 dostu \u00f6zelliklere sahiptir.<\/p>  <\/div><\/div><div class=\"grve-element grve-box-icon grve-align-right grve-animated-item grve-fadeInLeft\" style=\"\" data-delay=\"600\">  <div class=\"grve-icon grve-small grve-simple grve-circle grve-bg-primary-1 fa fa-tablet\"><\/div>  <div class=\"grve-box-content\"><h5 class=\"grve-box-title\"><span>Sanayi Grubu (Oregon, Pollux, Argus):<\/span><\/h5>    <p class=\"\">End\u00fcstriyel boyama ihtiya\u00e7lar\u0131 i\u00e7in y\u00fcksek performansl\u0131 \u00e7\u00f6z\u00fcmler sunar. Kimyasal dayan\u0131kl\u0131l\u0131\u011f\u0131 ve mekanik direnci y\u00fcksektir. Zorlu \u00e7evresel ko\u015fullarda bile \u00fcst\u00fcn koruma sa\u011flar.<\/p>  <\/div><\/div><div class=\"grve-element grve-box-icon grve-align-right grve-animated-item grve-fadeInLeft\" style=\"\" data-delay=\"900\">  <div class=\"grve-icon grve-small grve-simple grve-circle grve-bg-primary-1 fa fa-gears\"><\/div>  <div class=\"grve-box-content\"><h5 class=\"grve-box-title\"><span>Universal Sistemler (Saturn, Mercure, Vega):<\/span><\/h5>    <p class=\"\">Farkl\u0131 y\u00fczey t\u00fcrleri ve uygulama alanlar\u0131na uygun esnek kullan\u0131m sa\u011flar. \u00c7evre dostu form\u00fclleri ile s\u00fcrd\u00fcr\u00fclebilirlik esas al\u0131nm\u0131\u015ft\u0131r. Renk tutarl\u0131l\u0131\u011f\u0131 ve m\u00fckemmel kar\u0131\u015f\u0131m \u00f6zellikleri ile tan\u0131n\u0131r.<\/p>  <\/div><\/div>[\/vc_column][vc_column width=&#8221;1\/3&#8243; tablet_width=&#8221;1-3&#8243; tablet_sm_width=&#8221;hide&#8221;]<div class=\"grve-element grve-image grve-animated-item grve-fadeInUp grve-align-center\" style=\"\" data-delay=\"200\"><img loading=\"lazy\" decoding=\"async\" width=\"405\" height=\"720\" src=\"https:\/\/siriuscolor.com\/wp-content\/uploads\/2025\/01\/aa8bf00a-6d7a-46a1-8125-e1fa015c264b.jpg\" class=\"attachment-full size-full\" alt=\"\" srcset=\"https:\/\/siriuscolor.com\/wp-content\/uploads\/2025\/01\/aa8bf00a-6d7a-46a1-8125-e1fa015c264b.jpg 405w, https:\/\/siriuscolor.com\/wp-content\/uploads\/2025\/01\/aa8bf00a-6d7a-46a1-8125-e1fa015c264b-169x300.jpg 169w\" sizes=\"auto, (max-width: 405px) 100vw, 405px\" \/><\/div>[\/vc_column][vc_column width=&#8221;1\/3&#8243; tablet_width=&#8221;1-3&#8243; tablet_sm_width=&#8221;1-2&#8243; css=&#8221;.vc_custom_1422793676127{padding-top: 5% !important;padding-right: 6% !important;}&#8221;]<div class=\"grve-element grve-box-icon grve-align-left grve-animated-item grve-fadeInRight\" style=\"\" data-delay=\"300\">  <div class=\"grve-icon grve-small grve-simple grve-circle grve-bg-primary-1 fa fa-thumbs-o-up\"><\/div>  <div class=\"grve-box-content\"><h5 class=\"grve-box-title\"><span>Tinting (Mix Makine) Sistemleri (Jupiter, Hydra, Pollux, Argus, Mercure, Vega):<\/span><\/h5>    <p class=\"\">Renk \u00fcretiminde h\u0131z ve hassasiyet sunan mix makine sistemleri i\u00e7erir. Uygun maliyetli ve ki\u015fiselle\u015ftirilmi\u015f renk \u00e7\u00f6z\u00fcmleri sa\u011flar. Y\u00fcksek kalite kontrol\u00fc ile s\u00fcrekli ayn\u0131 renk do\u011frulu\u011funu garanti eder.<\/p>  <\/div><\/div><div class=\"grve-element grve-box-icon grve-align-left grve-animated-item grve-fadeInRight\" style=\"\" data-delay=\"600\">  <div class=\"grve-icon grve-small grve-simple grve-circle grve-bg-primary-1 fa fa-refresh\"><\/div>  <div class=\"grve-box-content\"><h5 class=\"grve-box-title\"><span>Epoksi Sistemler (Saturn, Uranus):<\/span><\/h5>    <p class=\"\">Zemin kaplamalar\u0131, end\u00fcstriyel uygulamalar ve \u00f6zel projeler i\u00e7in geli\u015ftirilmi\u015ftir. Dayan\u0131kl\u0131l\u0131k, a\u015f\u0131nma direnci ve kimyasal dayan\u0131kl\u0131l\u0131k a\u00e7\u0131s\u0131ndan \u00fcst d\u00fczeydedir. Estetik g\u00f6r\u00fcn\u00fcm ile teknik performans\u0131 bir araya getirir.<\/p>  <\/div><\/div><div class=\"grve-element grve-box-icon grve-align-left grve-animated-item grve-fadeInRight\" style=\"\" data-delay=\"900\">  <div class=\"grve-icon grve-small grve-simple grve-circle grve-bg-primary-1 fa fa-tasks\"><\/div>  <div class=\"grve-box-content\"><h5 class=\"grve-box-title\"><span>Haz\u0131r RAL Renk Gruplar\u0131 (Neptune, Saturn, Oregon, Uranus):<\/span><\/h5>    <p class=\"\">Geni\u015f renk skalas\u0131 ile \u00e7e\u015fitli RAL renk se\u00e7enekleri sunar. Uygulama s\u0131ras\u0131nda h\u0131zl\u0131 ve kolay eri\u015fim sa\u011flar. Standartlara uygun olarak \u00fcretilmi\u015f renklerin kalitesini ve tutarl\u0131l\u0131\u011f\u0131n\u0131 garanti eder.<\/p>  <\/div><\/div>[\/vc_column][\/vc_row]<\/p>\n<\/div>","protected":false},"excerpt":{"rendered":"<p>[vc_row section_type=&#8221;in-container&#8221;][vc_column width=&#8221;1\/3&#8243;][\/vc_column][vc_column width=&#8221;1\/3&#8243;][\/vc_column][vc_column width=&#8221;1\/3&#8243;][\/vc_column][\/vc_row][vc_row][vc_column width=&#8221;1\/3&#8243;][\/vc_column][vc_column width=&#8221;1\/3&#8243;][\/vc_column][vc_column width=&#8221;1\/3&#8243;][\/vc_column][\/vc_row][vc_row][vc_column][\/vc_column][\/vc_row][vc_row section_type=&#8221;fullwidth-element&#8221; header_feature=&#8221;yes&#8221; padding_top=&#8221;90&#8243; padding_bottom=&#8221;90&#8243; margin_bottom=&#8221;0&#8243; section_id=&#8221;services&#8221;][vc_column width=&#8221;1\/3&#8243; tablet_width=&#8221;1-3&#8243; tablet_sm_width=&#8221;1-2&#8243; css=&#8221;.vc_custom_1422793635191{padding-top: 5% !important;padding-left: 6% !important;}&#8221;][\/vc_column][vc_column width=&#8221;1\/3&#8243; tablet_width=&#8221;1-3&#8243; tablet_sm_width=&#8221;hide&#8221;][\/vc_column][vc_column width=&#8221;1\/3&#8243; tablet_width=&#8221;1-3&#8243; tablet_sm_width=&#8221;1-2&#8243; css=&#8221;.vc_custom_1422793676127{padding-top: 5% !important;padding-right: 6% !important;}&#8221;][\/vc_column][\/vc_row]<\/p>\n","protected":false},"author":1,"featured_media":0,"parent":0,"menu_order":0,"comment_status":"open","ping_status":"open","template":"","meta":{"footnotes":""},"class_list":["post-4039","page","type-page","status-publish","hentry"],"_links":{"self":[{"href":"https:\/\/siriuscolor.com\/index.php?rest_route=\/wp\/v2\/pages\/4039","targetHints":{"allow":["GET"]}}],"collection":[{"href":"https:\/\/siriuscolor.com\/index.php?rest_route=\/wp\/v2\/pages"}],"about":[{"href":"https:\/\/siriuscolor.com\/index.php?rest_route=\/wp\/v2\/types\/page"}],"author":[{"embeddable":true,"href":"https:\/\/siriuscolor.com\/index.php?rest_route=\/wp\/v2\/users\/1"}],"replies":[{"embeddable":true,"href":"https:\/\/siriuscolor.com\/index.php?rest_route=%2Fwp%2Fv2%2Fcomments&post=4039"}],"version-history":[{"count":30,"href":"https:\/\/siriuscolor.com\/index.php?rest_route=\/wp\/v2\/pages\/4039\/revisions"}],"predecessor-version":[{"id":4667,"href":"https:\/\/siriuscolor.com\/index.php?rest_route=\/wp\/v2\/pages\/4039\/revisions\/4667"}],"wp:attachment":[{"href":"https:\/\/siriuscolor.com\/index.php?rest_route=%2Fwp%2Fv2%2Fmedia&parent=4039"}],"curies":[{"name":"wp","href":"https:\/\/api.w.org\/{rel}","templated":true}]}}