{"id":4529,"date":"2024-12-15T22:15:52","date_gmt":"2024-12-15T22:15:52","guid":{"rendered":"https:\/\/siriuscolor.com\/?page_id=4529"},"modified":"2025-01-05T17:51:22","modified_gmt":"2025-01-05T17:51:22","slug":"neden-biz","status":"publish","type":"page","link":"https:\/\/siriuscolor.com\/?page_id=4529","title":{"rendered":"NEDEN B\u0130Z ?"},"content":{"rendered":"<div class=\"wpb-content-wrapper\"><p>[vc_row padding_top=&#8221;80&#8243; padding_bottom=&#8221;110&#8243; section_id=&#8221;section1&#8243;][vc_column css=&#8221;.vc_custom_1734300392597{padding-right: 10% !important;padding-left: 10% !important;}&#8221;]<div class=\"grve-element grve-image grve-animated-item grve-fadeInUp grve-align-center\" style=\"\" data-delay=\"350\"><\/div><h4 class=\"grve-element grve-align-center grve-title-line grve-h4 grve-animated-item grve-fadeIn\" style=\"\" data-delay=\"150\"><span>NEDEN B\u0130Z ?<\/span><\/h4>[vc_column_text css=&#8221;.vc_custom_1734300948691{padding-bottom: 5% !important;}&#8221; text_style=&#8221;leader-text&#8221; animation=&#8221;fadeIn&#8221; animation_delay=&#8221;250&#8243;]<\/p>\n<p style=\"text-align: center;\">Sirius Kimya, T\u00fcrkiye\u2019nin en b\u00fcy\u00fck pigment pasta \u00fcreticisinde \u00e7al\u0131\u015fm\u0131\u015f teknik ekip taraf\u0131ndan kurulmu\u015ftur. 20 y\u0131ll\u0131k \u00fcretim ve Ar&amp;Ge tecr\u00fcbesi ile kullan\u0131c\u0131lara en iyi \u00fcr\u00fcn\u00fc alan\u0131na uzman sat\u0131\u015f ekibi ile en iyi fiyat politikas\u0131 alt\u0131nda sunmay\u0131 ama\u00e7 edinmi\u015ftir.<\/p>\n<p style=\"text-align: center;\">\u00a0\u00a0\u00a0\u00a0\u00a0\u00a0\u00a0\u00a0\u00a0\u00a0\u00a0\u00a0\u00a0\u00a0\u00a0\u00a0\u00a0 Sirius Kimya olarak en zorlay\u0131c\u0131 kalite spektlerini kendi b\u00fcnyesinde olu\u015fturmu\u015f bu sayede her \u00fcretimde ayn\u0131, stabil renk \u015fiddeti ve stabil renk y\u00f6n\u00fc ile \u00fcr\u00fcn \u00fcretmeyi garanti eder.<\/p>\n<p style=\"text-align: center;\">Sirius Kimya sunmu\u015f oldu\u011fu pigment pasta serileri ile hem direkt fabrikalarda \u00fcretim i\u00e7in hem MIX makinalar ile nalbur ve bayilerde renklendirmeleri m\u00fcmk\u00fcnd\u00fcr. MIX makinalar ve fabrikalar i\u00e7in m\u00fc\u015fterilerin talebi do\u011frultusunda kartela form\u00fcllerinin de\u011fi\u015fmemesi ad\u0131na isterse mevcutta kulland\u0131\u011f\u0131 pastalar\u0131n birebir ayn\u0131s\u0131n\u0131, isterse Sirius Kimya ARGE departman\u0131 taraf\u0131ndan yeni yaz\u0131lacak form\u00fcl datas\u0131 ile Sirius Kimya orijinal pastalar\u0131n\u0131 sat\u0131n alabilir.<\/p>\n<p style=\"text-align: center;\">Sirius Kimya teknik olarak \u00fcretti\u011fi her bir \u00fcr\u00fcne garanti sa\u011flar. Herhangi bir teknik sorunda m\u00fc\u015fteri hangi \u015fehirde olursa olsun en ge\u00e7 14 g\u00fcn i\u00e7inde m\u00fc\u015fteri, uzman ekip ile ziyaret edilip sorunlara yerinde \u00e7\u00f6z\u00fcm sa\u011flar.<\/p>\n<p style=\"text-align: center;\">Sirius Kimya her m\u00fc\u015fterisine s\u0131n\u0131rs\u0131z numune deste\u011fi sa\u011flar. Standart 100 ml numunelerin yan\u0131nda m\u00fc\u015fteri talep do\u011frultusunda istedi\u011fi miktarda numune alabilir. Sirius Kimya \u00fcr\u00fcn ambalajlama konusunda esnektir. Her bir renk i\u00e7in m\u00fc\u015fteri ihtiyac\u0131 do\u011frultusunda 0,25 lt, 1 lt, 5 lt , 30 lt, 180 lt ve 1000 lt \u00fcr\u00fcn sat\u0131n alabilir.<\/p>\n<p>[\/vc_column_text][\/vc_column][\/vc_row]<\/p>\n<\/div>","protected":false},"excerpt":{"rendered":"<p>[vc_row padding_top=&#8221;80&#8243; padding_bottom=&#8221;110&#8243; section_id=&#8221;section1&#8243;][vc_column css=&#8221;.vc_custom_1734300392597{padding-right: 10% !important;padding-left: 10% !important;}&#8221;][vc_column_text css=&#8221;.vc_custom_1734300948691{padding-bottom: 5% !important;}&#8221; text_style=&#8221;leader-text&#8221; animation=&#8221;fadeIn&#8221; animation_delay=&#8221;250&#8243;] Sirius Kimya, T\u00fcrkiye\u2019nin en b\u00fcy\u00fck pigment pasta \u00fcreticisinde \u00e7al\u0131\u015fm\u0131\u015f teknik ekip taraf\u0131ndan kurulmu\u015ftur. 20 y\u0131ll\u0131k \u00fcretim ve Ar&amp;Ge tecr\u00fcbesi ile kullan\u0131c\u0131lara en iyi \u00fcr\u00fcn\u00fc alan\u0131na uzman sat\u0131\u015f ekibi ile en iyi fiyat politikas\u0131 alt\u0131nda sunmay\u0131 ama\u00e7 edinmi\u015ftir. \u00a0\u00a0\u00a0\u00a0\u00a0\u00a0\u00a0\u00a0\u00a0\u00a0\u00a0\u00a0\u00a0\u00a0\u00a0\u00a0\u00a0 Sirius Kimya [&hellip;]<\/p>\n","protected":false},"author":1,"featured_media":0,"parent":0,"menu_order":0,"comment_status":"open","ping_status":"closed","template":"","meta":{"footnotes":""},"class_list":["post-4529","page","type-page","status-publish","hentry"],"_links":{"self":[{"href":"https:\/\/siriuscolor.com\/index.php?rest_route=\/wp\/v2\/pages\/4529","targetHints":{"allow":["GET"]}}],"collection":[{"href":"https:\/\/siriuscolor.com\/index.php?rest_route=\/wp\/v2\/pages"}],"about":[{"href":"https:\/\/siriuscolor.com\/index.php?rest_route=\/wp\/v2\/types\/page"}],"author":[{"embeddable":true,"href":"https:\/\/siriuscolor.com\/index.php?rest_route=\/wp\/v2\/users\/1"}],"replies":[{"embeddable":true,"href":"https:\/\/siriuscolor.com\/index.php?rest_route=%2Fwp%2Fv2%2Fcomments&post=4529"}],"version-history":[{"count":3,"href":"https:\/\/siriuscolor.com\/index.php?rest_route=\/wp\/v2\/pages\/4529\/revisions"}],"predecessor-version":[{"id":4532,"href":"https:\/\/siriuscolor.com\/index.php?rest_route=\/wp\/v2\/pages\/4529\/revisions\/4532"}],"wp:attachment":[{"href":"https:\/\/siriuscolor.com\/index.php?rest_route=%2Fwp%2Fv2%2Fmedia&parent=4529"}],"curies":[{"name":"wp","href":"https:\/\/api.w.org\/{rel}","templated":true}]}}